{"id":433,"date":"2023-07-11T14:50:01","date_gmt":"2023-07-11T14:50:01","guid":{"rendered":"https:\/\/www.anglobal.co.ao\/recursos-humanos\/"},"modified":"2024-06-17T16:16:56","modified_gmt":"2024-06-17T16:16:56","slug":"carrieres","status":"publish","type":"page","link":"https:\/\/www.anglobal.co.ao\/fr\/carrieres\/","title":{"rendered":"Carri\u00e8res"},"content":{"rendered":"<p>Nous investissons dans le capital humain pour assurer un avenir durable. Nous avons une \u00e9quipe coh\u00e9rente avec plus de 730 collaborateurs \u00e0 temps plein qui contribuent quotidiennement \u00e0 la croissance et au succ\u00e8s d&rsquo;Anglobal. Avec un pari diff\u00e9renci\u00e9 sur les plans de formation, nous garantissons la continuit\u00e9 de nos services en investissant dans le renforcement des capacit\u00e9s de notre personnel.<\/p>\n","protected":false},"excerpt":{"rendered":"<p>Nous investissons dans le capital humain pour assurer un avenir durable. Nous avons une \u00e9quipe coh\u00e9rente avec plus de 730 collaborateurs \u00e0 temps plein qui contribuent quotidiennement \u00e0 la croissance et au succ\u00e8s d&rsquo;Anglobal. Avec un pari diff\u00e9renci\u00e9 sur les plans de formation, nous garantissons la continuit\u00e9 de nos services en investissant dans le renforcement [&#8230;]<\/p>\n<p><a class=\"btn btn-secondary understrap-read-more-link\" href=\"https:\/\/www.anglobal.co.ao\/fr\/carrieres\/\">Lire la suite\u2026<span class=\"screen-reader-text\"> from Carri\u00e8res<\/span><\/a><\/p>\n","protected":false},"author":2,"featured_media":0,"parent":0,"menu_order":0,"comment_status":"closed","ping_status":"closed","template":"template-recursos-humanos.php","meta":{"_acf_changed":false,"inline_featured_image":false,"footnotes":""},"class_list":["post-433","page","type-page","status-publish","hentry"],"acf":[],"yoast_head":"<!-- This site is optimized with the Yoast SEO plugin v25.4 - https:\/\/yoast.com\/wordpress\/plugins\/seo\/ -->\n<title>Carri\u00e8res - ANGLOBAL<\/title>\n<meta name=\"robots\" content=\"index, follow, max-snippet:-1, max-image-preview:large, max-video-preview:-1\" \/>\n<link rel=\"canonical\" href=\"https:\/\/www.anglobal.co.ao\/fr\/carrieres\/\" \/>\n<meta property=\"og:locale\" content=\"fr_FR\" \/>\n<meta property=\"og:type\" content=\"article\" \/>\n<meta property=\"og:title\" content=\"Carri\u00e8res - ANGLOBAL\" \/>\n<meta property=\"og:description\" content=\"Nous investissons dans le capital humain pour assurer un avenir durable. Nous avons une \u00e9quipe coh\u00e9rente avec plus de 730 collaborateurs \u00e0 temps plein qui contribuent quotidiennement \u00e0 la croissance et au succ\u00e8s d&rsquo;Anglobal. Avec un pari diff\u00e9renci\u00e9 sur les plans de formation, nous garantissons la continuit\u00e9 de nos services en investissant dans le renforcement [...]Lire la suite\u2026 from Carri\u00e8res\" \/>\n<meta property=\"og:url\" content=\"https:\/\/www.anglobal.co.ao\/fr\/carrieres\/\" \/>\n<meta property=\"og:site_name\" content=\"ANGLOBAL\" \/>\n<meta property=\"article:modified_time\" content=\"2024-06-17T16:16:56+00:00\" \/>\n<meta name=\"twitter:card\" content=\"summary_large_image\" \/>\n<meta name=\"twitter:label1\" content=\"Dur\u00e9e de lecture estim\u00e9e\" \/>\n\t<meta name=\"twitter:data1\" content=\"1 minute\" \/>\n<script type=\"application\/ld+json\" class=\"yoast-schema-graph\">{\"@context\":\"https:\/\/schema.org\",\"@graph\":[{\"@type\":\"WebPage\",\"@id\":\"https:\/\/www.anglobal.co.ao\/fr\/carrieres\/\",\"url\":\"https:\/\/www.anglobal.co.ao\/fr\/carrieres\/\",\"name\":\"Carri\u00e8res - ANGLOBAL\",\"isPartOf\":{\"@id\":\"https:\/\/www.anglobal.co.ao\/#website\"},\"datePublished\":\"2023-07-11T14:50:01+00:00\",\"dateModified\":\"2024-06-17T16:16:56+00:00\",\"breadcrumb\":{\"@id\":\"https:\/\/www.anglobal.co.ao\/fr\/carrieres\/#breadcrumb\"},\"inLanguage\":\"fr-FR\",\"potentialAction\":[{\"@type\":\"ReadAction\",\"target\":[\"https:\/\/www.anglobal.co.ao\/fr\/carrieres\/\"]}]},{\"@type\":\"BreadcrumbList\",\"@id\":\"https:\/\/www.anglobal.co.ao\/fr\/carrieres\/#breadcrumb\",\"itemListElement\":[{\"@type\":\"ListItem\",\"position\":1,\"name\":\"Home\",\"item\":\"https:\/\/www.anglobal.co.ao\/fr\/\"},{\"@type\":\"ListItem\",\"position\":2,\"name\":\"Carri\u00e8res\"}]},{\"@type\":\"WebSite\",\"@id\":\"https:\/\/www.anglobal.co.ao\/#website\",\"url\":\"https:\/\/www.anglobal.co.ao\/\",\"name\":\"ANGLOBAL\",\"description\":\"Solu\u00e7\u00f5es Inovadoras\",\"publisher\":{\"@id\":\"https:\/\/www.anglobal.co.ao\/#organization\"},\"potentialAction\":[{\"@type\":\"SearchAction\",\"target\":{\"@type\":\"EntryPoint\",\"urlTemplate\":\"https:\/\/www.anglobal.co.ao\/?s={search_term_string}\"},\"query-input\":{\"@type\":\"PropertyValueSpecification\",\"valueRequired\":true,\"valueName\":\"search_term_string\"}}],\"inLanguage\":\"fr-FR\"},{\"@type\":\"Organization\",\"@id\":\"https:\/\/www.anglobal.co.ao\/#organization\",\"name\":\"ANGLOBAL\",\"url\":\"https:\/\/www.anglobal.co.ao\/\",\"logo\":{\"@type\":\"ImageObject\",\"inLanguage\":\"fr-FR\",\"@id\":\"https:\/\/www.anglobal.co.ao\/#\/schema\/logo\/image\/\",\"url\":\"https:\/\/www.anglobal.co.ao\/wp-content\/uploads\/2023\/07\/anglobal-logo-topo.png\",\"contentUrl\":\"https:\/\/www.anglobal.co.ao\/wp-content\/uploads\/2023\/07\/anglobal-logo-topo.png\",\"width\":235,\"height\":74,\"caption\":\"ANGLOBAL\"},\"image\":{\"@id\":\"https:\/\/www.anglobal.co.ao\/#\/schema\/logo\/image\/\"}}]}<\/script>\n<!-- \/ Yoast SEO plugin. -->","yoast_head_json":{"title":"Carri\u00e8res - ANGLOBAL","robots":{"index":"index","follow":"follow","max-snippet":"max-snippet:-1","max-image-preview":"max-image-preview:large","max-video-preview":"max-video-preview:-1"},"canonical":"https:\/\/www.anglobal.co.ao\/fr\/carrieres\/","og_locale":"fr_FR","og_type":"article","og_title":"Carri\u00e8res - ANGLOBAL","og_description":"Nous investissons dans le capital humain pour assurer un avenir durable. Nous avons une \u00e9quipe coh\u00e9rente avec plus de 730 collaborateurs \u00e0 temps plein qui contribuent quotidiennement \u00e0 la croissance et au succ\u00e8s d&rsquo;Anglobal. Avec un pari diff\u00e9renci\u00e9 sur les plans de formation, nous garantissons la continuit\u00e9 de nos services en investissant dans le renforcement [...]Lire la suite\u2026 from Carri\u00e8res","og_url":"https:\/\/www.anglobal.co.ao\/fr\/carrieres\/","og_site_name":"ANGLOBAL","article_modified_time":"2024-06-17T16:16:56+00:00","twitter_card":"summary_large_image","twitter_misc":{"Dur\u00e9e de lecture estim\u00e9e":"1 minute"},"schema":{"@context":"https:\/\/schema.org","@graph":[{"@type":"WebPage","@id":"https:\/\/www.anglobal.co.ao\/fr\/carrieres\/","url":"https:\/\/www.anglobal.co.ao\/fr\/carrieres\/","name":"Carri\u00e8res - ANGLOBAL","isPartOf":{"@id":"https:\/\/www.anglobal.co.ao\/#website"},"datePublished":"2023-07-11T14:50:01+00:00","dateModified":"2024-06-17T16:16:56+00:00","breadcrumb":{"@id":"https:\/\/www.anglobal.co.ao\/fr\/carrieres\/#breadcrumb"},"inLanguage":"fr-FR","potentialAction":[{"@type":"ReadAction","target":["https:\/\/www.anglobal.co.ao\/fr\/carrieres\/"]}]},{"@type":"BreadcrumbList","@id":"https:\/\/www.anglobal.co.ao\/fr\/carrieres\/#breadcrumb","itemListElement":[{"@type":"ListItem","position":1,"name":"Home","item":"https:\/\/www.anglobal.co.ao\/fr\/"},{"@type":"ListItem","position":2,"name":"Carri\u00e8res"}]},{"@type":"WebSite","@id":"https:\/\/www.anglobal.co.ao\/#website","url":"https:\/\/www.anglobal.co.ao\/","name":"ANGLOBAL","description":"Solu\u00e7\u00f5es Inovadoras","publisher":{"@id":"https:\/\/www.anglobal.co.ao\/#organization"},"potentialAction":[{"@type":"SearchAction","target":{"@type":"EntryPoint","urlTemplate":"https:\/\/www.anglobal.co.ao\/?s={search_term_string}"},"query-input":{"@type":"PropertyValueSpecification","valueRequired":true,"valueName":"search_term_string"}}],"inLanguage":"fr-FR"},{"@type":"Organization","@id":"https:\/\/www.anglobal.co.ao\/#organization","name":"ANGLOBAL","url":"https:\/\/www.anglobal.co.ao\/","logo":{"@type":"ImageObject","inLanguage":"fr-FR","@id":"https:\/\/www.anglobal.co.ao\/#\/schema\/logo\/image\/","url":"https:\/\/www.anglobal.co.ao\/wp-content\/uploads\/2023\/07\/anglobal-logo-topo.png","contentUrl":"https:\/\/www.anglobal.co.ao\/wp-content\/uploads\/2023\/07\/anglobal-logo-topo.png","width":235,"height":74,"caption":"ANGLOBAL"},"image":{"@id":"https:\/\/www.anglobal.co.ao\/#\/schema\/logo\/image\/"}}]}},"_links":{"self":[{"href":"https:\/\/www.anglobal.co.ao\/fr\/wp-json\/wp\/v2\/pages\/433","targetHints":{"allow":["GET"]}}],"collection":[{"href":"https:\/\/www.anglobal.co.ao\/fr\/wp-json\/wp\/v2\/pages"}],"about":[{"href":"https:\/\/www.anglobal.co.ao\/fr\/wp-json\/wp\/v2\/types\/page"}],"author":[{"embeddable":true,"href":"https:\/\/www.anglobal.co.ao\/fr\/wp-json\/wp\/v2\/users\/2"}],"replies":[{"embeddable":true,"href":"https:\/\/www.anglobal.co.ao\/fr\/wp-json\/wp\/v2\/comments?post=433"}],"version-history":[{"count":9,"href":"https:\/\/www.anglobal.co.ao\/fr\/wp-json\/wp\/v2\/pages\/433\/revisions"}],"predecessor-version":[{"id":1317,"href":"https:\/\/www.anglobal.co.ao\/fr\/wp-json\/wp\/v2\/pages\/433\/revisions\/1317"}],"wp:attachment":[{"href":"https:\/\/www.anglobal.co.ao\/fr\/wp-json\/wp\/v2\/media?parent=433"}],"curies":[{"name":"wp","href":"https:\/\/api.w.org\/{rel}","templated":true}]}}